{"id":3,"date":"2023-07-15T15:46:44","date_gmt":"2023-07-15T18:46:44","guid":{"rendered":"http:\/\/carbonfusion.com.br\/?page_id=3"},"modified":"2023-09-14T14:07:02","modified_gmt":"2023-09-14T17:07:02","slug":"politica-de-privacidade","status":"publish","type":"page","link":"https:\/\/carbonfusion.com.br\/index.php\/politica-de-privacidade\/","title":{"rendered":"Pol\u00edtica de Privacidade"},"content":{"rendered":"\t\t<div data-elementor-type=\"wp-page\" data-elementor-id=\"3\" class=\"elementor elementor-3\" data-elementor-post-type=\"page\">\n\t\t\t\t\t\t<section class=\"elementor-section elementor-top-section elementor-element elementor-element-7d8a7821 elementor-section-boxed elementor-section-height-default elementor-section-height-default wpr-particle-no wpr-jarallax-no wpr-parallax-no wpr-sticky-section-no wpr-equal-height-no\" data-id=\"7d8a7821\" data-element_type=\"section\" data-e-type=\"section\">\n\t\t\t\t\t\t<div class=\"elementor-container elementor-column-gap-default\">\n\t\t\t\t\t<div class=\"elementor-column elementor-col-100 elementor-top-column elementor-element elementor-element-15efc2e6\" data-id=\"15efc2e6\" data-element_type=\"column\" data-e-type=\"column\">\n\t\t\t<div class=\"elementor-widget-wrap elementor-element-populated\">\n\t\t\t\t\t\t<div class=\"elementor-element elementor-element-353099aa elementor-widget elementor-widget-text-editor\" data-id=\"353099aa\" data-element_type=\"widget\" data-e-type=\"widget\" data-widget_type=\"text-editor.default\">\n\t\t\t\t<div class=\"elementor-widget-container\">\n\t\t\t\t\t\t\t\t\t\n<h4 class=\"wp-block-heading\">Quem somos<\/h4>\n\n<p>Agradecemos por visitar o site da <a href=\"https:\/\/carbonfusion.com.br\/\">Carbon Fusion<\/a>!<br \/>Esta Pol\u00edtica de Privacidade tem como objetivo informar como\u00a0 usamos os seus dados pessoais durante a sua intera\u00e7\u00e3o com o nosso site. A sua privacidade \u00e9 importante para n\u00f3s!<\/p>\n\n<h4 class=\"wp-block-heading\"><strong>Coleta de Informa\u00e7\u00f5es<\/strong><\/h4>\n\n<p>Coletamos informa\u00e7\u00f5es pessoais que voc\u00ea fornece voluntariamente atrav\u00e9s de links de inscri\u00e7\u00e3o e formul\u00e1rio de contato. (nome, email, celular)<\/p>\n\n<h4 class=\"wp-block-heading\"><strong>Uso das Informa\u00e7\u00f5es<\/strong><\/h4>\n\n<p>As informa\u00e7\u00f5es que coletamos podem ser usadas para:<\/p>\n<ul>\n<li>Enviar atualiza\u00e7\u00f5es, comunicados e informa\u00e7\u00f5es relevantes sobre os nossos produtos e servi\u00e7os.<\/li>\n<li>Responder \u00e0s suas perguntas e solicita\u00e7\u00f5es.<\/li>\n<li>Melhorar a experi\u00eancia do usu\u00e1rio.<\/li>\n<\/ul>\n\n<h4 class=\"wp-block-heading\"><strong>Prote\u00e7\u00e3o de Dados<\/strong><\/h4>\n\n<p>Temos medidas de seguran\u00e7a para proteger as suas informa\u00e7\u00f5es. No entanto,\u00a0 nenhum m\u00e9todo de transmiss\u00e3o e armazenamento pela internet \u00e9 100% seguro, e n\u00e3o podemos garantir a seguran\u00e7a absoluta dos seus dados.<\/p>\n\n<h4 class=\"wp-block-heading\"><strong>Compartilhamento de Informa\u00e7\u00f5es<\/strong><\/h4>\n\n<p>N\u00e3o compartilhamos suas informa\u00e7\u00f5es pessoais com terceiros.<\/p>\n\n<h4 class=\"wp-block-heading\"><strong>Cookies<\/strong><\/h4>\n\n<p>Utilizamos cookies e tecnologias similares para melhorar a sua experi\u00eancia do usu\u00e1rio no site, entender como os visitantes interagem com as p\u00e1ginas e personalizar o conte\u00fado de acordo com o jeito que \u00e9 acessado.<\/p>\n\n<h4 class=\"wp-block-heading\"><strong>Links para Sites de Terceiros<\/strong><\/h4>\n\n<p>Nosso site pode conter links para sites de terceiros. Esta pol\u00edtica se aplica apenas ao nosso site, portanto, recomendamos que voc\u00ea leia as pol\u00edticas de privacidade dos sites vinculados, se houver.<\/p>\n\n<h4 class=\"wp-block-heading\"><strong>Altera\u00e7\u00f5es na Pol\u00edtica de Privacidade<\/strong><\/h4>\n\n<p>Podemos atualizar esse documento a qualquer momento para altera\u00e7\u00f5es nas pr\u00e1ticas de coleta e uso de informa\u00e7\u00f5es. Recomendamos revisar periodicamente esta p\u00e1gina para se manter informado sobre as nossas pr\u00e1ticas mais recentes.<\/p>\n\n<h4 class=\"wp-block-heading\"><strong>Contato<\/strong><\/h4>\n\n<p>Se tiver d\u00favidas sobre esse documento ou sobre as pr\u00e1ticas do nosso site, entre em contato conosco atrav\u00e9s dos canais de comunica\u00e7\u00e3o fornecidos em nossa p\u00e1gina de contato.<\/p>\n<p>Ao continuar a usar o site da Carbon Fusion, voc\u00ea concorda com esta Pol\u00edtica de Privacidade e as pr\u00e1ticas nela descritas.<br \/><br \/>Obrigado pela aten\u00e7\u00e3o!<\/p>\n\t\t\t\t\t\t\t\t<\/div>\n\t\t\t\t<\/div>\n\t\t\t\t\t<\/div>\n\t\t<\/div>\n\t\t\t\t\t<\/div>\n\t\t<\/section>\n\t\t\t\t<\/div>\n\t\t","protected":false},"excerpt":{"rendered":"<p>Quem somos Agradecemos por visitar o site da Carbon Fusion!Esta Pol\u00edtica de Privacidade tem como objetivo informar como\u00a0 usamos os seus dados pessoais durante a sua intera\u00e7\u00e3o com o nosso site. A sua privacidade \u00e9 importante para n\u00f3s! Coleta de Informa\u00e7\u00f5es Coletamos informa\u00e7\u00f5es pessoais que voc\u00ea fornece voluntariamente atrav\u00e9s de links de inscri\u00e7\u00e3o e formul\u00e1rio de contato. (nome, email, celular) Uso das Informa\u00e7\u00f5es As informa\u00e7\u00f5es que coletamos podem ser usadas para: Enviar atualiza\u00e7\u00f5es, comunicados e informa\u00e7\u00f5es relevantes sobre os nossos produtos e servi\u00e7os. Responder \u00e0s suas perguntas e solicita\u00e7\u00f5es. Melhorar a experi\u00eancia do usu\u00e1rio. Prote\u00e7\u00e3o de Dados Temos medidas de seguran\u00e7a para proteger as suas informa\u00e7\u00f5es. No entanto,\u00a0 nenhum m\u00e9todo de transmiss\u00e3o e armazenamento pela internet \u00e9 100% seguro, e n\u00e3o podemos garantir a seguran\u00e7a absoluta dos seus dados. Compartilhamento de Informa\u00e7\u00f5es N\u00e3o compartilhamos suas informa\u00e7\u00f5es pessoais com terceiros. Cookies Utilizamos cookies e tecnologias similares para melhorar a sua experi\u00eancia do usu\u00e1rio no site, entender como os visitantes interagem com as p\u00e1ginas e personalizar o conte\u00fado de acordo com o jeito que \u00e9 acessado. Links para Sites de Terceiros Nosso site pode conter links para sites de terceiros. Esta pol\u00edtica se aplica apenas ao nosso site, portanto, recomendamos que voc\u00ea leia as pol\u00edticas de privacidade dos sites vinculados, se houver. Altera\u00e7\u00f5es na Pol\u00edtica de Privacidade Podemos atualizar esse documento a qualquer momento para altera\u00e7\u00f5es nas pr\u00e1ticas de coleta e uso de informa\u00e7\u00f5es. Recomendamos revisar periodicamente esta p\u00e1gina para se manter informado sobre as nossas pr\u00e1ticas mais recentes. Contato Se tiver d\u00favidas sobre esse documento ou sobre as pr\u00e1ticas do nosso site, entre em contato conosco atrav\u00e9s dos canais de comunica\u00e7\u00e3o fornecidos em nossa p\u00e1gina de contato. Ao continuar a usar o site da Carbon Fusion, voc\u00ea concorda com esta Pol\u00edtica de Privacidade e as pr\u00e1ticas nela descritas. Obrigado pela aten\u00e7\u00e3o!<\/p>\n","protected":false},"author":1,"featured_media":0,"parent":0,"menu_order":0,"comment_status":"closed","ping_status":"closed","template":"elementor_header_footer","meta":{"content-type":"","om_disable_all_campaigns":false,"_monsterinsights_skip_tracking":false,"_monsterinsights_sitenote_active":false,"_monsterinsights_sitenote_note":"","_monsterinsights_sitenote_category":0,"site-sidebar-layout":"default","site-content-layout":"","ast-site-content-layout":"","site-content-style":"default","site-sidebar-style":"default","ast-global-header-display":"","ast-banner-title-visibility":"","ast-main-header-display":"","ast-hfb-above-header-display":"","ast-hfb-below-header-display":"","ast-hfb-mobile-header-display":"","site-post-title":"","ast-breadcrumbs-content":"","ast-featured-img":"","footer-sml-layout":"","theme-transparent-header-meta":"","adv-header-id-meta":"","stick-header-meta":"","header-above-stick-meta":"","header-main-stick-meta":"","header-below-stick-meta":"","astra-migrate-meta-layouts":"default","ast-page-background-enabled":"default","ast-page-background-meta":{"desktop":{"background-color":"var(--ast-global-color-4)","background-image":"","background-repeat":"repeat","background-position":"center center","background-size":"auto","background-attachment":"scroll","background-type":"","background-media":"","overlay-type":"","overlay-color":"","overlay-opacity":"","overlay-gradient":""},"tablet":{"background-color":"","background-image":"","background-repeat":"repeat","background-position":"center center","background-size":"auto","background-attachment":"scroll","background-type":"","background-media":"","overlay-type":"","overlay-color":"","overlay-opacity":"","overlay-gradient":""},"mobile":{"background-color":"","background-image":"","background-repeat":"repeat","background-position":"center center","background-size":"auto","background-attachment":"scroll","background-type":"","background-media":"","overlay-type":"","overlay-color":"","overlay-opacity":"","overlay-gradient":""}},"ast-content-background-meta":{"desktop":{"background-color":"var(--ast-global-color-5)","background-image":"","background-repeat":"repeat","background-position":"center center","background-size":"auto","background-attachment":"scroll","background-type":"","background-media":"","overlay-type":"","overlay-color":"","overlay-opacity":"","overlay-gradient":""},"tablet":{"background-color":"var(--ast-global-color-5)","background-image":"","background-repeat":"repeat","background-position":"center center","background-size":"auto","background-attachment":"scroll","background-type":"","background-media":"","overlay-type":"","overlay-color":"","overlay-opacity":"","overlay-gradient":""},"mobile":{"background-color":"var(--ast-global-color-5)","background-image":"","background-repeat":"repeat","background-position":"center center","background-size":"auto","background-attachment":"scroll","background-type":"","background-media":"","overlay-type":"","overlay-color":"","overlay-opacity":"","overlay-gradient":""}},"footnotes":""},"class_list":["post-3","page","type-page","status-publish","hentry"],"yoast_head":"<!-- This site is optimized with the Yoast SEO plugin v24.7 - https:\/\/yoast.com\/wordpress\/plugins\/seo\/ -->\n<title>Pol\u00edtica de Privacidade | Carbon Fusion<\/title>\n<meta name=\"description\" content=\"Leia nossa pol\u00edtica de privacidade para entender como protegemos suas informa\u00e7\u00f5es e garantimos a seguran\u00e7a de seus dados pessoais.\" \/>\n<meta name=\"robots\" content=\"index, follow, max-snippet:-1, max-image-preview:large, max-video-preview:-1\" \/>\n<link rel=\"canonical\" href=\"https:\/\/carbonfusion.com.br\/index.php\/politica-de-privacidade\/\" \/>\n<meta property=\"og:locale\" content=\"pt_BR\" \/>\n<meta property=\"og:type\" content=\"article\" \/>\n<meta property=\"og:title\" content=\"Pol\u00edtica de Privacidade | Carbon Fusion\" \/>\n<meta property=\"og:description\" content=\"Leia nossa pol\u00edtica de privacidade para entender como protegemos suas informa\u00e7\u00f5es e garantimos a seguran\u00e7a de seus dados pessoais.\" \/>\n<meta property=\"og:url\" content=\"https:\/\/carbonfusion.com.br\/index.php\/politica-de-privacidade\/\" \/>\n<meta property=\"og:site_name\" content=\"Carbon Fusion\" \/>\n<meta property=\"article:publisher\" content=\"https:\/\/www.facebook.com\/CarbonFusionBR\" \/>\n<meta property=\"article:modified_time\" content=\"2023-09-14T17:07:02+00:00\" \/>\n<meta property=\"og:image\" content=\"https:\/\/carbonfusion.com.br\/wp-content\/uploads\/2023\/08\/Imgem1_Home_Qualidade_w.jpg\" \/>\n\t<meta property=\"og:image:width\" content=\"700\" \/>\n\t<meta property=\"og:image:height\" content=\"700\" \/>\n\t<meta property=\"og:image:type\" content=\"image\/jpeg\" \/>\n<meta name=\"twitter:card\" content=\"summary_large_image\" \/>\n<meta name=\"twitter:site\" content=\"@CarbonFusionBR\" \/>\n<meta name=\"twitter:label1\" content=\"Est. tempo de leitura\" \/>\n\t<meta name=\"twitter:data1\" content=\"2 minutos\" \/>\n<script type=\"application\/ld+json\" class=\"yoast-schema-graph\">{\"@context\":\"https:\/\/schema.org\",\"@graph\":[{\"@type\":\"WebPage\",\"@id\":\"https:\/\/carbonfusion.com.br\/index.php\/politica-de-privacidade\/\",\"url\":\"https:\/\/carbonfusion.com.br\/index.php\/politica-de-privacidade\/\",\"name\":\"Pol\u00edtica de Privacidade | Carbon Fusion\",\"isPartOf\":{\"@id\":\"https:\/\/carbonfusion.com.br\/#website\"},\"datePublished\":\"2023-07-15T18:46:44+00:00\",\"dateModified\":\"2023-09-14T17:07:02+00:00\",\"description\":\"Leia nossa pol\u00edtica de privacidade para entender como protegemos suas informa\u00e7\u00f5es e garantimos a seguran\u00e7a de seus dados pessoais.\",\"breadcrumb\":{\"@id\":\"https:\/\/carbonfusion.com.br\/index.php\/politica-de-privacidade\/#breadcrumb\"},\"inLanguage\":\"pt-BR\",\"potentialAction\":[{\"@type\":\"ReadAction\",\"target\":[\"https:\/\/carbonfusion.com.br\/index.php\/politica-de-privacidade\/\"]}]},{\"@type\":\"BreadcrumbList\",\"@id\":\"https:\/\/carbonfusion.com.br\/index.php\/politica-de-privacidade\/#breadcrumb\",\"itemListElement\":[{\"@type\":\"ListItem\",\"position\":1,\"name\":\"Home\",\"item\":\"https:\/\/carbonfusion.com.br\/\"},{\"@type\":\"ListItem\",\"position\":2,\"name\":\"Pol\u00edtica de Privacidade\"}]},{\"@type\":\"WebSite\",\"@id\":\"https:\/\/carbonfusion.com.br\/#website\",\"url\":\"https:\/\/carbonfusion.com.br\/\",\"name\":\"Carbon Fusion\",\"description\":\"Tecnologia e Inova\u00e7\u00e3o em Projetos de Fibra de Carbono\",\"publisher\":{\"@id\":\"https:\/\/carbonfusion.com.br\/#organization\"},\"potentialAction\":[{\"@type\":\"SearchAction\",\"target\":{\"@type\":\"EntryPoint\",\"urlTemplate\":\"https:\/\/carbonfusion.com.br\/?s={search_term_string}\"},\"query-input\":{\"@type\":\"PropertyValueSpecification\",\"valueRequired\":true,\"valueName\":\"search_term_string\"}}],\"inLanguage\":\"pt-BR\"},{\"@type\":\"Organization\",\"@id\":\"https:\/\/carbonfusion.com.br\/#organization\",\"name\":\"Carbon Fusion\",\"url\":\"https:\/\/carbonfusion.com.br\/\",\"logo\":{\"@type\":\"ImageObject\",\"inLanguage\":\"pt-BR\",\"@id\":\"https:\/\/carbonfusion.com.br\/#\/schema\/logo\/image\/\",\"url\":\"https:\/\/carbonfusion.com.br\/wp-content\/uploads\/2023\/07\/Carbon-Fusion_logo_1w.png\",\"contentUrl\":\"https:\/\/carbonfusion.com.br\/wp-content\/uploads\/2023\/07\/Carbon-Fusion_logo_1w.png\",\"width\":400,\"height\":190,\"caption\":\"Carbon Fusion\"},\"image\":{\"@id\":\"https:\/\/carbonfusion.com.br\/#\/schema\/logo\/image\/\"},\"sameAs\":[\"https:\/\/www.facebook.com\/CarbonFusionBR\",\"https:\/\/x.com\/CarbonFusionBR\",\"https:\/\/www.instagram.com\/carbonfusion\/\",\"https:\/\/www.linkedin.com\/company\/carbon-fusion-br\"]}]}<\/script>\n<!-- \/ Yoast SEO plugin. -->","yoast_head_json":{"title":"Pol\u00edtica de Privacidade | Carbon Fusion","description":"Leia nossa pol\u00edtica de privacidade para entender como protegemos suas informa\u00e7\u00f5es e garantimos a seguran\u00e7a de seus dados pessoais.","robots":{"index":"index","follow":"follow","max-snippet":"max-snippet:-1","max-image-preview":"max-image-preview:large","max-video-preview":"max-video-preview:-1"},"canonical":"https:\/\/carbonfusion.com.br\/index.php\/politica-de-privacidade\/","og_locale":"pt_BR","og_type":"article","og_title":"Pol\u00edtica de Privacidade | Carbon Fusion","og_description":"Leia nossa pol\u00edtica de privacidade para entender como protegemos suas informa\u00e7\u00f5es e garantimos a seguran\u00e7a de seus dados pessoais.","og_url":"https:\/\/carbonfusion.com.br\/index.php\/politica-de-privacidade\/","og_site_name":"Carbon Fusion","article_publisher":"https:\/\/www.facebook.com\/CarbonFusionBR","article_modified_time":"2023-09-14T17:07:02+00:00","og_image":[{"width":700,"height":700,"url":"https:\/\/carbonfusion.com.br\/wp-content\/uploads\/2023\/08\/Imgem1_Home_Qualidade_w.jpg","type":"image\/jpeg"}],"twitter_card":"summary_large_image","twitter_site":"@CarbonFusionBR","twitter_misc":{"Est. tempo de leitura":"2 minutos"},"schema":{"@context":"https:\/\/schema.org","@graph":[{"@type":"WebPage","@id":"https:\/\/carbonfusion.com.br\/index.php\/politica-de-privacidade\/","url":"https:\/\/carbonfusion.com.br\/index.php\/politica-de-privacidade\/","name":"Pol\u00edtica de Privacidade | Carbon Fusion","isPartOf":{"@id":"https:\/\/carbonfusion.com.br\/#website"},"datePublished":"2023-07-15T18:46:44+00:00","dateModified":"2023-09-14T17:07:02+00:00","description":"Leia nossa pol\u00edtica de privacidade para entender como protegemos suas informa\u00e7\u00f5es e garantimos a seguran\u00e7a de seus dados pessoais.","breadcrumb":{"@id":"https:\/\/carbonfusion.com.br\/index.php\/politica-de-privacidade\/#breadcrumb"},"inLanguage":"pt-BR","potentialAction":[{"@type":"ReadAction","target":["https:\/\/carbonfusion.com.br\/index.php\/politica-de-privacidade\/"]}]},{"@type":"BreadcrumbList","@id":"https:\/\/carbonfusion.com.br\/index.php\/politica-de-privacidade\/#breadcrumb","itemListElement":[{"@type":"ListItem","position":1,"name":"Home","item":"https:\/\/carbonfusion.com.br\/"},{"@type":"ListItem","position":2,"name":"Pol\u00edtica de Privacidade"}]},{"@type":"WebSite","@id":"https:\/\/carbonfusion.com.br\/#website","url":"https:\/\/carbonfusion.com.br\/","name":"Carbon Fusion","description":"Tecnologia e Inova\u00e7\u00e3o em Projetos de Fibra de Carbono","publisher":{"@id":"https:\/\/carbonfusion.com.br\/#organization"},"potentialAction":[{"@type":"SearchAction","target":{"@type":"EntryPoint","urlTemplate":"https:\/\/carbonfusion.com.br\/?s={search_term_string}"},"query-input":{"@type":"PropertyValueSpecification","valueRequired":true,"valueName":"search_term_string"}}],"inLanguage":"pt-BR"},{"@type":"Organization","@id":"https:\/\/carbonfusion.com.br\/#organization","name":"Carbon Fusion","url":"https:\/\/carbonfusion.com.br\/","logo":{"@type":"ImageObject","inLanguage":"pt-BR","@id":"https:\/\/carbonfusion.com.br\/#\/schema\/logo\/image\/","url":"https:\/\/carbonfusion.com.br\/wp-content\/uploads\/2023\/07\/Carbon-Fusion_logo_1w.png","contentUrl":"https:\/\/carbonfusion.com.br\/wp-content\/uploads\/2023\/07\/Carbon-Fusion_logo_1w.png","width":400,"height":190,"caption":"Carbon Fusion"},"image":{"@id":"https:\/\/carbonfusion.com.br\/#\/schema\/logo\/image\/"},"sameAs":["https:\/\/www.facebook.com\/CarbonFusionBR","https:\/\/x.com\/CarbonFusionBR","https:\/\/www.instagram.com\/carbonfusion\/","https:\/\/www.linkedin.com\/company\/carbon-fusion-br"]}]}},"jetpack_sharing_enabled":true,"_links":{"self":[{"href":"https:\/\/carbonfusion.com.br\/index.php\/wp-json\/wp\/v2\/pages\/3","targetHints":{"allow":["GET"]}}],"collection":[{"href":"https:\/\/carbonfusion.com.br\/index.php\/wp-json\/wp\/v2\/pages"}],"about":[{"href":"https:\/\/carbonfusion.com.br\/index.php\/wp-json\/wp\/v2\/types\/page"}],"author":[{"embeddable":true,"href":"https:\/\/carbonfusion.com.br\/index.php\/wp-json\/wp\/v2\/users\/1"}],"replies":[{"embeddable":true,"href":"https:\/\/carbonfusion.com.br\/index.php\/wp-json\/wp\/v2\/comments?post=3"}],"version-history":[{"count":30,"href":"https:\/\/carbonfusion.com.br\/index.php\/wp-json\/wp\/v2\/pages\/3\/revisions"}],"predecessor-version":[{"id":3006,"href":"https:\/\/carbonfusion.com.br\/index.php\/wp-json\/wp\/v2\/pages\/3\/revisions\/3006"}],"wp:attachment":[{"href":"https:\/\/carbonfusion.com.br\/index.php\/wp-json\/wp\/v2\/media?parent=3"}],"curies":[{"name":"wp","href":"https:\/\/api.w.org\/{rel}","templated":true}]}}